{"id":32,"date":"2021-03-18T15:59:46","date_gmt":"2021-03-18T14:59:46","guid":{"rendered":"http:\/\/mjcrobertdesnos.fr\/?page_id=32"},"modified":"2021-03-19T16:37:57","modified_gmt":"2021-03-19T15:37:57","slug":"contact","status":"publish","type":"page","link":"https:\/\/mjcrobertdesnos.fr\/?page_id=32","title":{"rendered":"Contact"},"content":{"rendered":"\n<h3><strong><em>Adresse :<\/em><\/strong><\/h3>\n\n\n\n<p>2bis rue de Normandie, 38130 ECHIROLLES<\/p>\n\n\n\n<p>Acc\u00e8s avec la Tram A \/ arr\u00eat Surrieux<\/p>\n\n\n\n<div class=\"wp-block-buttons\">\n<div class=\"wp-block-button has-custom-width wp-block-button__width-100\"><a class=\"wp-block-button__link has-white-color has-midnight-gradient-background has-text-color has-background\" href=\"https:\/\/www.google.fr\/maps\/place\/MJC+Desnos\/@45.1574399,5.7201235,17z\/data=!3m1!4b1!4m5!3m4!1s0x478af4b4c0211359:0xb9ebff5efe8e48b2!8m2!3d45.1574361!4d5.7223122\" style=\"border-radius:50px\" target=\"_blank\" rel=\"noreferrer noopener\">Regarder sur la carte <\/a><\/div>\n<\/div>\n\n\n<h3><em><strong>Ouverture du secr\u00e9tariat :<\/strong><\/em><\/h3>\n<p>Du lundi au mercredi de 8h \u00e0 12h\u00a0<\/p>\n<p>Mercredi de 13h30 \u00e0 17h30<\/p>\n<h3><em><strong>Contact :<\/strong><\/em><\/h3>\n<p>Mail : secretariat@mjcrobertdesnos.fr<\/p>\n<p>Tel : 04 76 09 45 21\u00a0<\/p>\n\n\n<p><\/p>\n","protected":false},"excerpt":{"rendered":"<p>Adresse : 2bis rue de Normandie, 38130 ECHIROLLES Acc\u00e8s avec la Tram A \/ arr\u00eat Surrieux Ouverture du secr\u00e9tariat : Du lundi au mercredi de 8h \u00e0 12h\u00a0 Mercredi de 13h30 \u00e0 17h30 Contact : Mail : secretariat@mjcrobertdesnos.fr Tel : 04 76 09 45 21\u00a0<\/p>\n","protected":false},"author":1,"featured_media":0,"parent":0,"menu_order":0,"comment_status":"closed","ping_status":"closed","template":"","meta":[],"_links":{"self":[{"href":"https:\/\/mjcrobertdesnos.fr\/index.php?rest_route=\/wp\/v2\/pages\/32"}],"collection":[{"href":"https:\/\/mjcrobertdesnos.fr\/index.php?rest_route=\/wp\/v2\/pages"}],"about":[{"href":"https:\/\/mjcrobertdesnos.fr\/index.php?rest_route=\/wp\/v2\/types\/page"}],"author":[{"embeddable":true,"href":"https:\/\/mjcrobertdesnos.fr\/index.php?rest_route=\/wp\/v2\/users\/1"}],"replies":[{"embeddable":true,"href":"https:\/\/mjcrobertdesnos.fr\/index.php?rest_route=%2Fwp%2Fv2%2Fcomments&post=32"}],"version-history":[{"count":4,"href":"https:\/\/mjcrobertdesnos.fr\/index.php?rest_route=\/wp\/v2\/pages\/32\/revisions"}],"predecessor-version":[{"id":90,"href":"https:\/\/mjcrobertdesnos.fr\/index.php?rest_route=\/wp\/v2\/pages\/32\/revisions\/90"}],"wp:attachment":[{"href":"https:\/\/mjcrobertdesnos.fr\/index.php?rest_route=%2Fwp%2Fv2%2Fmedia&parent=32"}],"curies":[{"name":"wp","href":"https:\/\/api.w.org\/{rel}","templated":true}]}}