{"id":28,"date":"2021-03-18T15:58:43","date_gmt":"2021-03-18T14:58:43","guid":{"rendered":"http:\/\/mjcrobertdesnos.fr\/?page_id=28"},"modified":"2021-03-19T16:40:52","modified_gmt":"2021-03-19T15:40:52","slug":"activites-regulieres","status":"publish","type":"page","link":"https:\/\/mjcrobertdesnos.fr\/?page_id=28","title":{"rendered":"Activit\u00e9s r\u00e9guli\u00e8res"},"content":{"rendered":"\n<div class=\"wp-block-image\"><figure class=\"aligncenter size-large is-resized\"><img loading=\"lazy\" src=\"https:\/\/mjcrobertdesnos.fr\/wp-content\/uploads\/2021\/03\/Fichier-51-100-1024x748.jpg\" alt=\"\" class=\"wp-image-84\" width=\"1396\" height=\"1020\" srcset=\"https:\/\/mjcrobertdesnos.fr\/wp-content\/uploads\/2021\/03\/Fichier-51-100-1024x748.jpg 1024w, https:\/\/mjcrobertdesnos.fr\/wp-content\/uploads\/2021\/03\/Fichier-51-100-300x219.jpg 300w, https:\/\/mjcrobertdesnos.fr\/wp-content\/uploads\/2021\/03\/Fichier-51-100-768x561.jpg 768w, https:\/\/mjcrobertdesnos.fr\/wp-content\/uploads\/2021\/03\/Fichier-51-100.jpg 1293w\" sizes=\"(max-width: 706px) 89vw, (max-width: 767px) 82vw, 740px\" \/><\/figure><\/div>\n","protected":false},"excerpt":{"rendered":"","protected":false},"author":1,"featured_media":0,"parent":0,"menu_order":0,"comment_status":"closed","ping_status":"closed","template":"","meta":[],"_links":{"self":[{"href":"https:\/\/mjcrobertdesnos.fr\/index.php?rest_route=\/wp\/v2\/pages\/28"}],"collection":[{"href":"https:\/\/mjcrobertdesnos.fr\/index.php?rest_route=\/wp\/v2\/pages"}],"about":[{"href":"https:\/\/mjcrobertdesnos.fr\/index.php?rest_route=\/wp\/v2\/types\/page"}],"author":[{"embeddable":true,"href":"https:\/\/mjcrobertdesnos.fr\/index.php?rest_route=\/wp\/v2\/users\/1"}],"replies":[{"embeddable":true,"href":"https:\/\/mjcrobertdesnos.fr\/index.php?rest_route=%2Fwp%2Fv2%2Fcomments&post=28"}],"version-history":[{"count":3,"href":"https:\/\/mjcrobertdesnos.fr\/index.php?rest_route=\/wp\/v2\/pages\/28\/revisions"}],"predecessor-version":[{"id":91,"href":"https:\/\/mjcrobertdesnos.fr\/index.php?rest_route=\/wp\/v2\/pages\/28\/revisions\/91"}],"wp:attachment":[{"href":"https:\/\/mjcrobertdesnos.fr\/index.php?rest_route=%2Fwp%2Fv2%2Fmedia&parent=28"}],"curies":[{"name":"wp","href":"https:\/\/api.w.org\/{rel}","templated":true}]}}