{"id":24,"date":"2021-03-18T15:57:27","date_gmt":"2021-03-18T14:57:27","guid":{"rendered":"http:\/\/mjcrobertdesnos.fr\/?page_id=24"},"modified":"2021-03-18T15:57:27","modified_gmt":"2021-03-18T14:57:27","slug":"lassociation","status":"publish","type":"page","link":"https:\/\/mjcrobertdesnos.fr\/?page_id=24","title":{"rendered":"L&rsquo;association"},"content":{"rendered":"\n<p>La M.J.C. Robert Desnos est une association r\u00e9gie par la loi de 1901 implant\u00e9e<br>dans le quartier de la Villeneuve d\u2019Echirolles depuis 1974.<br>Elle anime un projet et g\u00e8re un \u00e9quipement au profit des habitants du quartier, de la<br>commune.<br>Elle s\u2019inscrit dans un mouvement f\u00e9d\u00e9ratif ; elle est affili\u00e9e \u00e0 \u2018\u2019la F\u00e9d\u00e9ration des<br>M.J.C en Rh\u00f4ne Alpes\u2019\u2019 ce qui lui permet d\u2019assurer une coh\u00e9rence de ses actions au<br>niveau communal et r\u00e9gional.<br>Cette instance de repr\u00e9sentation et de coordination offre aussi des lieux de r\u00e9flexion<br>et de concertation.<br>Elle a pour but de former des citoyens, se doit de faciliter l\u2019expression des<br>habitants.<br>Elle est ouverte \u00e0 tous, sans discrimination, elle respecte les convictions<br>personnelles, le pluralisme des id\u00e9es et les principes de la\u00efcit\u00e9, qui sont le<br>fondement des valeurs r\u00e9publicaines et de l\u2019\u00e9ducation populaire.<br>Dans cet esprit elle est attentive \u00e0 pratiquer une animation globale, c\u2019est \u00e0 dire<br>favoriser la rencontre des g\u00e9n\u00e9rations et la confrontation permanente des id\u00e9es au<br>sein d\u2019un m\u00eame lieu.<br>Ouverte \u00e0 tous, elle veille plus particuli\u00e8rement \u00e0 offrir une place aux plus d\u00e9munis,<br>au plus fragilis\u00e9s sur le plan professionnel, social, relationnel, familial.<br>Elle accompli une mission confi\u00e9e par les collectivit\u00e9s locales d\u2019accompagnement<br>des enfants, des jeunes et des familles.<br>Elle favorise l\u2019acc\u00e8s \u00e0 l\u2019autonomie et l\u2019expression, la participation active des habitants<br>par la prise de responsabilit\u00e9, elle favorise les initiatives, l\u2019acc\u00e8s \u00e0 la culture, elle<br>permet \u00e0 chacun de vivre pleinement sa citoyennet\u00e9.<br>Visant au d\u00e9veloppement social et culturel, les initiatives prises par l\u2019association et<br>les actions qu\u2019elle conduit permettent le renforcement du lien social dans le quartier<br>de la Villeneuve comme dans la ville.<br>Elle s\u2019inscrit dans un r\u00e9seau de partenaires en collaborant avec les services de la<br>ville, les associations et les \u00e9quipements.<br>Les orientations \u00e9ducatives et p\u00e9dagogiques de la M.J.C. sont mises en place gr\u00e2ce<br>\u00e0 l\u2019existence d\u2019une vie associative forte et militante qui s\u2019appuie sur un coll\u00e8ge<br>d\u2019administrateurs \u00e9lus et b\u00e9n\u00e9voles.<\/p>\n","protected":false},"excerpt":{"rendered":"<p>La M.J.C. Robert Desnos est une association r\u00e9gie par la loi de 1901 implant\u00e9edans le quartier de la Villeneuve d\u2019Echirolles depuis 1974.Elle anime un projet et g\u00e8re un \u00e9quipement au profit des habitants du quartier, de lacommune.Elle s\u2019inscrit dans un mouvement f\u00e9d\u00e9ratif ; elle est affili\u00e9e \u00e0 \u2018\u2019la F\u00e9d\u00e9ration desM.J.C en Rh\u00f4ne Alpes\u2019\u2019 ce qui &hellip; <\/p>\n<p class=\"link-more\"><a href=\"https:\/\/mjcrobertdesnos.fr\/?page_id=24\" class=\"more-link\">Continuer la lecture<span class=\"screen-reader-text\"> de &laquo;&nbsp;L&rsquo;association&nbsp;&raquo;<\/span><\/a><\/p>\n","protected":false},"author":1,"featured_media":0,"parent":0,"menu_order":0,"comment_status":"closed","ping_status":"closed","template":"","meta":[],"_links":{"self":[{"href":"https:\/\/mjcrobertdesnos.fr\/index.php?rest_route=\/wp\/v2\/pages\/24"}],"collection":[{"href":"https:\/\/mjcrobertdesnos.fr\/index.php?rest_route=\/wp\/v2\/pages"}],"about":[{"href":"https:\/\/mjcrobertdesnos.fr\/index.php?rest_route=\/wp\/v2\/types\/page"}],"author":[{"embeddable":true,"href":"https:\/\/mjcrobertdesnos.fr\/index.php?rest_route=\/wp\/v2\/users\/1"}],"replies":[{"embeddable":true,"href":"https:\/\/mjcrobertdesnos.fr\/index.php?rest_route=%2Fwp%2Fv2%2Fcomments&post=24"}],"version-history":[{"count":1,"href":"https:\/\/mjcrobertdesnos.fr\/index.php?rest_route=\/wp\/v2\/pages\/24\/revisions"}],"predecessor-version":[{"id":25,"href":"https:\/\/mjcrobertdesnos.fr\/index.php?rest_route=\/wp\/v2\/pages\/24\/revisions\/25"}],"wp:attachment":[{"href":"https:\/\/mjcrobertdesnos.fr\/index.php?rest_route=%2Fwp%2Fv2%2Fmedia&parent=24"}],"curies":[{"name":"wp","href":"https:\/\/api.w.org\/{rel}","templated":true}]}}